{"id":7015,"date":"2025-06-17T09:19:32","date_gmt":"2025-06-17T07:19:32","guid":{"rendered":"https:\/\/punishte-kreative.com\/product\/natuerliches-licht\/"},"modified":"2025-06-17T09:19:32","modified_gmt":"2025-06-17T09:19:32","slug":"natuerliches-licht","status":"publish","type":"product","link":"https:\/\/punishte-kreative.com\/de\/product\/natuerliches-licht\/","title":{"rendered":"Nat\u00fcrliches Licht"},"content":{"rendered":"<p>Dekorative handgefertigte Lampen \u2013 Licht aus der Natur.<\/p>\n<p>Diese einzigartige Lampe besticht durch ihren handgefertigten Sockel und den Vintage-Lampenschirm mit warmem Licht. Perfekt f\u00fcr Wohnzimmer, Leseecken oder Arbeitsr\u00e4ume, die W\u00e4rme und Stil erfordern. Das schlichte und nat\u00fcrliche Design macht diese Lampe zu einem besonderen, stilvollen Dekorationsst\u00fcck.  <\/p>\n<p>Alles Made in ALB<\/p>\n","protected":false},"excerpt":{"rendered":"<p>Material: nat\u00fcrliches poliertes Holz<\/p>\n<p> Warme Lichtfarbe<\/p>\n<p> Geeignet f\u00fcr Innenr\u00e4ume<\/p>\n","protected":false},"featured_media":7004,"comment_status":"open","ping_status":"closed","template":"","meta":{"_et_pb_use_builder":"","_et_pb_old_content":"","_et_gb_content_width":""},"product_brand":[],"product_cat":[108],"product_tag":[],"class_list":{"0":"post-7015","1":"product","2":"type-product","3":"status-publish","4":"has-post-thumbnail","6":"product_cat-uncategorized-sq-de","8":"first","9":"outofstock","10":"purchasable","11":"product-type-simple"},"_links":{"self":[{"href":"https:\/\/punishte-kreative.com\/de\/wp-json\/wp\/v2\/product\/7015","targetHints":{"allow":["GET"]}}],"collection":[{"href":"https:\/\/punishte-kreative.com\/de\/wp-json\/wp\/v2\/product"}],"about":[{"href":"https:\/\/punishte-kreative.com\/de\/wp-json\/wp\/v2\/types\/product"}],"replies":[{"embeddable":true,"href":"https:\/\/punishte-kreative.com\/de\/wp-json\/wp\/v2\/comments?post=7015"}],"wp:featuredmedia":[{"embeddable":true,"href":"https:\/\/punishte-kreative.com\/de\/wp-json\/wp\/v2\/media\/7004"}],"wp:attachment":[{"href":"https:\/\/punishte-kreative.com\/de\/wp-json\/wp\/v2\/media?parent=7015"}],"wp:term":[{"taxonomy":"product_brand","embeddable":true,"href":"https:\/\/punishte-kreative.com\/de\/wp-json\/wp\/v2\/product_brand?post=7015"},{"taxonomy":"product_cat","embeddable":true,"href":"https:\/\/punishte-kreative.com\/de\/wp-json\/wp\/v2\/product_cat?post=7015"},{"taxonomy":"product_tag","embeddable":true,"href":"https:\/\/punishte-kreative.com\/de\/wp-json\/wp\/v2\/product_tag?post=7015"}],"curies":[{"name":"wp","href":"https:\/\/api.w.org\/{rel}","templated":true}]}}