{"id":7100,"date":"2025-06-20T21:14:10","date_gmt":"2025-06-20T19:14:10","guid":{"rendered":"https:\/\/punishte-kreative.com\/product\/lampe-mit-naturholzsockel\/"},"modified":"2025-06-20T21:14:10","modified_gmt":"2025-06-20T19:14:10","slug":"lampe-mit-naturholzsockel","status":"publish","type":"product","link":"https:\/\/punishte-kreative.com\/de\/product\/lampe-mit-naturholzsockel\/","title":{"rendered":"Lampe mit Naturholzsockel"},"content":{"rendered":"<p>Bringen Sie mit dieser einzigartigen Dekolampe, die aus einem Holzstamm handgefertigt und mit einer Retrolampe kombiniert wurde, die ein sanftes und entspannendes Licht ausstrahlt, stilvolles Licht in jede Ecke des Hauses.<\/p>\n<p>Es l\u00e4sst sich wunderbar zwischen Pflanzen oder in jedem beliebigen Raum platzieren und schafft ein besonderes Gef\u00fchl der Entspannung n\u00e4her an der Natur. Es verleiht jeder Umgebung ein besonderes Dekor. <\/p>\n<p>Handgefertigt und mit viel Liebe zum Besonderen und zum Handwerk.<\/p>\n","protected":false},"excerpt":{"rendered":"<p>Zylindrischer Holzsockel<\/p>\n<p> Spiralf\u00f6rmige Beleuchtung, die eine warme und friedliche Atmosph\u00e4re schafft<\/p>\n<p> Rustikales und modernes Design zugleich \u2013 perfekt f\u00fcr Au\u00dfenbereiche, Studios oder Wohnungen.<\/p>\n","protected":false},"featured_media":7086,"comment_status":"open","ping_status":"closed","template":"","meta":{"_et_pb_use_builder":"","_et_pb_old_content":"","_et_gb_content_width":""},"product_brand":[],"product_cat":[108],"product_tag":[],"class_list":{"0":"post-7100","1":"product","2":"type-product","3":"status-publish","4":"has-post-thumbnail","6":"product_cat-uncategorized-sq-de","8":"first","9":"instock","10":"purchasable","11":"product-type-simple"},"_links":{"self":[{"href":"https:\/\/punishte-kreative.com\/de\/wp-json\/wp\/v2\/product\/7100","targetHints":{"allow":["GET"]}}],"collection":[{"href":"https:\/\/punishte-kreative.com\/de\/wp-json\/wp\/v2\/product"}],"about":[{"href":"https:\/\/punishte-kreative.com\/de\/wp-json\/wp\/v2\/types\/product"}],"replies":[{"embeddable":true,"href":"https:\/\/punishte-kreative.com\/de\/wp-json\/wp\/v2\/comments?post=7100"}],"wp:featuredmedia":[{"embeddable":true,"href":"https:\/\/punishte-kreative.com\/de\/wp-json\/wp\/v2\/media\/7086"}],"wp:attachment":[{"href":"https:\/\/punishte-kreative.com\/de\/wp-json\/wp\/v2\/media?parent=7100"}],"wp:term":[{"taxonomy":"product_brand","embeddable":true,"href":"https:\/\/punishte-kreative.com\/de\/wp-json\/wp\/v2\/product_brand?post=7100"},{"taxonomy":"product_cat","embeddable":true,"href":"https:\/\/punishte-kreative.com\/de\/wp-json\/wp\/v2\/product_cat?post=7100"},{"taxonomy":"product_tag","embeddable":true,"href":"https:\/\/punishte-kreative.com\/de\/wp-json\/wp\/v2\/product_tag?post=7100"}],"curies":[{"name":"wp","href":"https:\/\/api.w.org\/{rel}","templated":true}]}}