{"id":7261,"date":"2025-06-27T20:29:16","date_gmt":"2025-06-27T18:29:16","guid":{"rendered":"https:\/\/punishte-kreative.com\/product\/natural-light-with-nature-soul\/"},"modified":"2025-06-27T20:29:16","modified_gmt":"2025-06-27T18:29:16","slug":"natural-light-with-nature-soul","status":"publish","type":"product","link":"https:\/\/punishte-kreative.com\/de\/product\/natural-light-with-nature-soul\/","title":{"rendered":"Natural light with Nature soul"},"content":{"rendered":"<p>Diese einzigartige Lampe ist aus echten Natur\u00e4sten handgefertigt und vereint rustikalen Charme mit modernem Design.<\/p>\n<p>Licht sorgt f\u00fcr eine gem\u00fctliche und entspannte Atmosph\u00e4re \u2013 ideal f\u00fcr Zuhause oder das B\u00fcro.<\/p>\n<p>Ideal f\u00fcr Leseecken \u2013 Kreative Arbeitspl\u00e4tze \u2013 Einzigartiges Geschenk f\u00fcr Natur- und Designliebhaber.<br \/>\n<br \/>f\u00fcr eine inspirierende Atmosph\u00e4re.<\/p>\n","protected":false},"excerpt":{"rendered":"<p>Echtholz-Basis<\/p>\n<p>Warmes LED-Licht im Vintage-Stil<\/p>\n<p>Textilkabel, von Hand umwickelt f\u00fcr eine nat\u00fcrliche Optik<\/p>\n<p>H\u00f6he 57 cm<\/p>\n<p>Ein-\/Ausschalter direkt an der Fassung<\/p>\n","protected":false},"featured_media":7259,"comment_status":"open","ping_status":"closed","template":"","meta":{"_et_pb_use_builder":"","_et_pb_old_content":"","_et_gb_content_width":""},"product_brand":[],"product_cat":[108],"product_tag":[],"class_list":{"0":"post-7261","1":"product","2":"type-product","3":"status-publish","4":"has-post-thumbnail","6":"product_cat-uncategorized-sq-de","8":"first","9":"instock","10":"purchasable","11":"product-type-simple"},"_links":{"self":[{"href":"https:\/\/punishte-kreative.com\/de\/wp-json\/wp\/v2\/product\/7261","targetHints":{"allow":["GET"]}}],"collection":[{"href":"https:\/\/punishte-kreative.com\/de\/wp-json\/wp\/v2\/product"}],"about":[{"href":"https:\/\/punishte-kreative.com\/de\/wp-json\/wp\/v2\/types\/product"}],"replies":[{"embeddable":true,"href":"https:\/\/punishte-kreative.com\/de\/wp-json\/wp\/v2\/comments?post=7261"}],"wp:featuredmedia":[{"embeddable":true,"href":"https:\/\/punishte-kreative.com\/de\/wp-json\/wp\/v2\/media\/7259"}],"wp:attachment":[{"href":"https:\/\/punishte-kreative.com\/de\/wp-json\/wp\/v2\/media?parent=7261"}],"wp:term":[{"taxonomy":"product_brand","embeddable":true,"href":"https:\/\/punishte-kreative.com\/de\/wp-json\/wp\/v2\/product_brand?post=7261"},{"taxonomy":"product_cat","embeddable":true,"href":"https:\/\/punishte-kreative.com\/de\/wp-json\/wp\/v2\/product_cat?post=7261"},{"taxonomy":"product_tag","embeddable":true,"href":"https:\/\/punishte-kreative.com\/de\/wp-json\/wp\/v2\/product_tag?post=7261"}],"curies":[{"name":"wp","href":"https:\/\/api.w.org\/{rel}","templated":true}]}}