{"id":7554,"date":"2025-09-16T17:53:25","date_gmt":"2025-09-16T15:53:25","guid":{"rendered":"https:\/\/punishte-kreative.com\/product\/unique-wood-lamp\/"},"modified":"2025-09-16T17:53:25","modified_gmt":"2025-09-16T15:53:25","slug":"unique-wood-lamp","status":"publish","type":"product","link":"https:\/\/punishte-kreative.com\/de\/product\/unique-wood-lamp\/","title":{"rendered":"Unique Wood Lamp"},"content":{"rendered":"<p>Einzigartige Holzlampe, magische Atmosph\u00e4re f\u00fcr Ihr Zuhause<br \/>\nDiese handgefertigte Lampe aus Naturholz ist viel mehr als eine Lichtquelle, sie ist ein Kunstwerk und strahlt W\u00e4rme aus. Jedes dekorative Loch ist sorgf\u00e4ltig geschnitten, um ein magisches Spiel aus Licht und Schatten zu erzeugen, das jeder Umgebung ein Gef\u00fchl von Ruhe und Harmonie verleiht. <\/p>\n<p>Durch das rustikale Design in Kombination mit schlichter Eleganz passt diese Lampe problemlos sowohl in moderne als auch in traditionelle Umgebungen. Sie ist nicht nur ein Accessoire, sondern ein Element, das Ihren Raum in einen warmen und unvergesslichen Ort verwandelt. <\/p>\n","protected":false},"excerpt":{"rendered":"<p>Mit dieser Lampe wird jeder Moment w\u00e4rmer, jeder Raum besonderer und jeder Tag sch\u00f6ner.<\/p>\n<p>Ideal geeignet f\u00fcr:<\/p>\n<p>das Wohnzimmer, um abends eine entspannte Atmosph\u00e4re zu schaffen<\/p>\n<p>das Schlafzimmer, f\u00fcr sanftes, beruhigendes Licht<\/p>\n<p>kreative Arbeitsr\u00e4ume, um Inspiration und positive Energie zu f\u00f6rdern<\/p>\n<p>ein besonderes Geschenk f\u00fcr deine Liebsten<\/p>\n<p>Ma\u00dfe<\/p>\n<p>L\u00e4nge: 28 cm<\/p>\n<p>Breite:13.5 cm<\/p>\n","protected":false},"featured_media":7501,"comment_status":"open","ping_status":"closed","template":"","meta":{"_et_pb_use_builder":"","_et_pb_old_content":"","_et_gb_content_width":""},"product_brand":[],"product_cat":[108],"product_tag":[],"class_list":{"0":"post-7554","1":"product","2":"type-product","3":"status-publish","4":"has-post-thumbnail","6":"product_cat-uncategorized-sq-de","8":"first","9":"instock","10":"purchasable","11":"product-type-simple"},"_links":{"self":[{"href":"https:\/\/punishte-kreative.com\/de\/wp-json\/wp\/v2\/product\/7554","targetHints":{"allow":["GET"]}}],"collection":[{"href":"https:\/\/punishte-kreative.com\/de\/wp-json\/wp\/v2\/product"}],"about":[{"href":"https:\/\/punishte-kreative.com\/de\/wp-json\/wp\/v2\/types\/product"}],"replies":[{"embeddable":true,"href":"https:\/\/punishte-kreative.com\/de\/wp-json\/wp\/v2\/comments?post=7554"}],"wp:featuredmedia":[{"embeddable":true,"href":"https:\/\/punishte-kreative.com\/de\/wp-json\/wp\/v2\/media\/7501"}],"wp:attachment":[{"href":"https:\/\/punishte-kreative.com\/de\/wp-json\/wp\/v2\/media?parent=7554"}],"wp:term":[{"taxonomy":"product_brand","embeddable":true,"href":"https:\/\/punishte-kreative.com\/de\/wp-json\/wp\/v2\/product_brand?post=7554"},{"taxonomy":"product_cat","embeddable":true,"href":"https:\/\/punishte-kreative.com\/de\/wp-json\/wp\/v2\/product_cat?post=7554"},{"taxonomy":"product_tag","embeddable":true,"href":"https:\/\/punishte-kreative.com\/de\/wp-json\/wp\/v2\/product_tag?post=7554"}],"curies":[{"name":"wp","href":"https:\/\/api.w.org\/{rel}","templated":true}]}}